{"id":996,"date":"2023-07-06T00:03:37","date_gmt":"2023-07-06T00:03:37","guid":{"rendered":"https:\/\/www.bymions.com\/?page_id=996"},"modified":"2024-05-10T18:47:37","modified_gmt":"2024-05-10T18:47:37","slug":"galeri","status":"publish","type":"page","link":"https:\/\/www.bymions.com\/en\/galeri\/","title":{"rendered":"Galeri"},"content":{"rendered":"<div data-elementor-type=\"wp-page\" data-elementor-id=\"996\" class=\"elementor elementor-996\">\n\t\t\t\t\t\t\t\t\t<section class=\"elementor-section elementor-top-section elementor-element elementor-element-ec3dcd4 elementor-section-boxed elementor-section-height-default elementor-section-height-default\" data-id=\"ec3dcd4\" data-element_type=\"section\" data-settings=\"{&quot;grandrestaurant_ext_is_background_parallax&quot;:&quot;false&quot;,&quot;grandrestaurant_ext_is_background_backdrop&quot;:&quot;false&quot;,&quot;grandrestaurant_ext_is_background_on_scroll&quot;:&quot;false&quot;}\">\n\t\t\t\t\t\t<div class=\"elementor-container elementor-column-gap-default\">\n\t\t\t\t\t<div class=\"elementor-column elementor-col-100 elementor-top-column elementor-element elementor-element-4b285a2\" data-id=\"4b285a2\" data-element_type=\"column\" data-settings=\"{&quot;grandrestaurant_ext_link_reservation&quot;:&quot;false&quot;,&quot;grandrestaurant_ext_link_sidemenu&quot;:&quot;false&quot;,&quot;grandrestaurant_ext_link_fullmenu&quot;:&quot;false&quot;,&quot;grandrestaurant_ext_link_closed_fullmenu&quot;:&quot;false&quot;,&quot;grandrestaurant_ext_is_scrollme&quot;:&quot;false&quot;,&quot;grandrestaurant_ext_is_smoove&quot;:&quot;false&quot;,&quot;grandrestaurant_ext_is_parallax_mouse&quot;:&quot;false&quot;,&quot;grandrestaurant_ext_is_infinite&quot;:&quot;false&quot;,&quot;grandrestaurant_ext_is_fadeout_animation&quot;:&quot;false&quot;,&quot;grandrestaurant_ext_mobile_static&quot;:&quot;false&quot;}\">\n\t\t\t<div class=\"elementor-widget-wrap elementor-element-populated\">\n\t\t\t\t\t\t\t\t<div class=\"elementor-element elementor-element-a50908e elementor-widget elementor-widget-heading\" data-id=\"a50908e\" data-element_type=\"widget\" data-settings=\"{&quot;grandrestaurant_ext_link_reservation&quot;:&quot;false&quot;,&quot;grandrestaurant_ext_link_sidemenu&quot;:&quot;false&quot;,&quot;grandrestaurant_ext_link_fullmenu&quot;:&quot;false&quot;,&quot;grandrestaurant_ext_link_closed_fullmenu&quot;:&quot;false&quot;,&quot;grandrestaurant_ext_is_scrollme&quot;:&quot;false&quot;,&quot;grandrestaurant_ext_is_smoove&quot;:&quot;false&quot;,&quot;grandrestaurant_ext_is_parallax_mouse&quot;:&quot;false&quot;,&quot;grandrestaurant_ext_is_infinite&quot;:&quot;false&quot;,&quot;grandrestaurant_ext_is_fadeout_animation&quot;:&quot;false&quot;,&quot;grandrestaurant_ext_mobile_static&quot;:&quot;false&quot;}\" data-widget_type=\"heading.default\">\n\t\t\t\t<div class=\"elementor-widget-container\">\n\t\t\t<style>\/*! elementor - v3.13.3 - 22-05-2023 *\/\n.elementor-heading-title{padding:0;margin:0;line-height:1}.elementor-widget-heading .elementor-heading-title[class*=elementor-size-]>a{color:inherit;font-size:inherit;line-height:inherit}.elementor-widget-heading .elementor-heading-title.elementor-size-small{font-size:15px}.elementor-widget-heading .elementor-heading-title.elementor-size-medium{font-size:19px}.elementor-widget-heading .elementor-heading-title.elementor-size-large{font-size:29px}.elementor-widget-heading .elementor-heading-title.elementor-size-xl{font-size:39px}.elementor-widget-heading .elementor-heading-title.elementor-size-xxl{font-size:59px}<\/style><h2 class=\"elementor-heading-title elementor-size-default\">\u0130\u00e7 Mekan Foto\u011fraflar\u0131<\/h2>\t\t<\/div>\n\t\t\t\t<\/div>\n\t\t\t\t\t<\/div>\n\t\t<\/div>\n\t\t\t\t\t\t\t<\/div>\n\t\t<\/section>\n\t\t\t\t<section class=\"elementor-section elementor-top-section elementor-element elementor-element-a58059f elementor-section-boxed elementor-section-height-default elementor-section-height-default\" data-id=\"a58059f\" data-element_type=\"section\" data-settings=\"{&quot;grandrestaurant_ext_is_background_parallax&quot;:&quot;false&quot;,&quot;grandrestaurant_ext_is_background_backdrop&quot;:&quot;false&quot;,&quot;grandrestaurant_ext_is_background_on_scroll&quot;:&quot;false&quot;}\">\n\t\t\t\t\t\t<div class=\"elementor-container elementor-column-gap-default\">\n\t\t\t\t\t<div class=\"elementor-column elementor-col-100 elementor-top-column elementor-element elementor-element-771e3d1\" data-id=\"771e3d1\" data-element_type=\"column\" data-settings=\"{&quot;grandrestaurant_ext_link_reservation&quot;:&quot;false&quot;,&quot;grandrestaurant_ext_link_sidemenu&quot;:&quot;false&quot;,&quot;grandrestaurant_ext_link_fullmenu&quot;:&quot;false&quot;,&quot;grandrestaurant_ext_link_closed_fullmenu&quot;:&quot;false&quot;,&quot;grandrestaurant_ext_is_scrollme&quot;:&quot;false&quot;,&quot;grandrestaurant_ext_is_smoove&quot;:&quot;false&quot;,&quot;grandrestaurant_ext_is_parallax_mouse&quot;:&quot;false&quot;,&quot;grandrestaurant_ext_is_infinite&quot;:&quot;false&quot;,&quot;grandrestaurant_ext_is_fadeout_animation&quot;:&quot;false&quot;,&quot;grandrestaurant_ext_mobile_static&quot;:&quot;false&quot;}\">\n\t\t\t<div class=\"elementor-widget-wrap elementor-element-populated\">\n\t\t\t\t\t\t\t\t<div class=\"elementor-element elementor-element-b0ef2c2 elementor-widget elementor-widget-image-gallery\" data-id=\"b0ef2c2\" data-element_type=\"widget\" data-settings=\"{&quot;grandrestaurant_ext_link_reservation&quot;:&quot;false&quot;,&quot;grandrestaurant_ext_link_sidemenu&quot;:&quot;false&quot;,&quot;grandrestaurant_ext_link_fullmenu&quot;:&quot;false&quot;,&quot;grandrestaurant_ext_link_closed_fullmenu&quot;:&quot;false&quot;,&quot;grandrestaurant_ext_is_scrollme&quot;:&quot;false&quot;,&quot;grandrestaurant_ext_is_smoove&quot;:&quot;false&quot;,&quot;grandrestaurant_ext_is_parallax_mouse&quot;:&quot;false&quot;,&quot;grandrestaurant_ext_is_infinite&quot;:&quot;false&quot;,&quot;grandrestaurant_ext_is_fadeout_animation&quot;:&quot;false&quot;,&quot;grandrestaurant_ext_mobile_static&quot;:&quot;false&quot;}\" data-widget_type=\"image-gallery.default\">\n\t\t\t\t<div class=\"elementor-widget-container\">\n\t\t\t<style>\/*! elementor - v3.13.3 - 22-05-2023 *\/\n.elementor-image-gallery .gallery-item{display:inline-block;text-align:center;vertical-align:top;width:100%;max-width:100%;margin:0 auto}.elementor-image-gallery .gallery-item img{margin:0 auto}.elementor-image-gallery .gallery-item .gallery-caption{margin:0}.elementor-image-gallery figure img{display:block}.elementor-image-gallery figure figcaption{width:100%}.gallery-spacing-custom .elementor-image-gallery .gallery-icon{padding:0}@media (min-width:768px){.elementor-image-gallery .gallery-columns-2 .gallery-item{max-width:50%}.elementor-image-gallery .gallery-columns-3 .gallery-item{max-width:33.33%}.elementor-image-gallery .gallery-columns-4 .gallery-item{max-width:25%}.elementor-image-gallery .gallery-columns-5 .gallery-item{max-width:20%}.elementor-image-gallery .gallery-columns-6 .gallery-item{max-width:16.666%}.elementor-image-gallery .gallery-columns-7 .gallery-item{max-width:14.28%}.elementor-image-gallery .gallery-columns-8 .gallery-item{max-width:12.5%}.elementor-image-gallery .gallery-columns-9 .gallery-item{max-width:11.11%}.elementor-image-gallery .gallery-columns-10 .gallery-item{max-width:10%}}@media (min-width:480px) and (max-width:767px){.elementor-image-gallery .gallery.gallery-columns-2 .gallery-item,.elementor-image-gallery .gallery.gallery-columns-3 .gallery-item,.elementor-image-gallery .gallery.gallery-columns-4 .gallery-item,.elementor-image-gallery .gallery.gallery-columns-5 .gallery-item,.elementor-image-gallery .gallery.gallery-columns-6 .gallery-item,.elementor-image-gallery .gallery.gallery-columns-7 .gallery-item,.elementor-image-gallery .gallery.gallery-columns-8 .gallery-item,.elementor-image-gallery .gallery.gallery-columns-9 .gallery-item,.elementor-image-gallery .gallery.gallery-columns-10 .gallery-item{max-width:50%}}@media (max-width:479px){.elementor-image-gallery .gallery.gallery-columns-2 .gallery-item,.elementor-image-gallery .gallery.gallery-columns-3 .gallery-item,.elementor-image-gallery .gallery.gallery-columns-4 .gallery-item,.elementor-image-gallery .gallery.gallery-columns-5 .gallery-item,.elementor-image-gallery .gallery.gallery-columns-6 .gallery-item,.elementor-image-gallery .gallery.gallery-columns-7 .gallery-item,.elementor-image-gallery .gallery.gallery-columns-8 .gallery-item,.elementor-image-gallery .gallery.gallery-columns-9 .gallery-item,.elementor-image-gallery .gallery.gallery-columns-10 .gallery-item{max-width:100%}}<\/style>\t\t<div class=\"elementor-image-gallery\">\n\t\t\t\n\t\t<style type=\"text\/css\">\n\t\t\t#gallery-1 {\n\t\t\t\tmargin: auto;\n\t\t\t}\n\t\t\t#gallery-1 .gallery-item {\n\t\t\t\tfloat: left;\n\t\t\t\tmargin-top: 10px;\n\t\t\t\ttext-align: center;\n\t\t\t\twidth: 33%;\n\t\t\t}\n\t\t\t#gallery-1 img {\n\t\t\t\tborder: 2px solid #cfcfcf;\n\t\t\t}\n\t\t\t#gallery-1 .gallery-caption {\n\t\t\t\tmargin-left: 0;\n\t\t\t}\n\t\t\t\/* see gallery_shortcode() in wp-includes\/media.php *\/\n\t\t<\/style>\n\t\t<div id='gallery-1' class='gallery galleryid-996 gallery-columns-3 gallery-size-full'><dl class='gallery-item'>\n\t\t\t<dt class='gallery-icon landscape'>\n\t\t\t\t<a data-elementor-open-lightbox=\"yes\" data-elementor-lightbox-slideshow=\"b0ef2c2\" data-elementor-lightbox-title=\"WhatsApp Image 2024-05-10 at 16.10.11 (1)\" data-e-action-hash=\"#elementor-action%3Aaction%3Dlightbox%26settings%3DeyJpZCI6MTM0NSwidXJsIjoiaHR0cHM6XC9cL3d3dy5ieW1pb25zLmNvbVwvd3AtY29udGVudFwvdXBsb2Fkc1wvMjAyNFwvMDVcL1doYXRzQXBwLUltYWdlLTIwMjQtMDUtMTAtYXQtMTYuMTAuMTEtMS5qcGVnIiwic2xpZGVzaG93IjoiYjBlZjJjMiJ9\" href='https:\/\/www.bymions.com\/wp-content\/uploads\/2024\/05\/WhatsApp-Image-2024-05-10-at-16.10.11-1.jpeg'><img loading=\"lazy\" decoding=\"async\" width=\"1600\" height=\"1066\" src=\"https:\/\/www.bymions.com\/wp-content\/uploads\/2024\/05\/WhatsApp-Image-2024-05-10-at-16.10.11-1.jpeg\" class=\"attachment-full size-full\" alt=\"\" \/><\/a>\n\t\t\t<\/dt><\/dl><dl class='gallery-item'>\n\t\t\t<dt class='gallery-icon landscape'>\n\t\t\t\t<a data-elementor-open-lightbox=\"yes\" data-elementor-lightbox-slideshow=\"b0ef2c2\" data-elementor-lightbox-title=\"DSCF5313\" data-e-action-hash=\"#elementor-action%3Aaction%3Dlightbox%26settings%3DeyJpZCI6MTIxMCwidXJsIjoiaHR0cHM6XC9cL3d3dy5ieW1pb25zLmNvbVwvd3AtY29udGVudFwvdXBsb2Fkc1wvMjAyM1wvMDdcL0RTQ0Y1MzEzLXNjYWxlZC5qcGciLCJzbGlkZXNob3ciOiJiMGVmMmMyIn0%3D\" href='https:\/\/www.bymions.com\/wp-content\/uploads\/2023\/07\/DSCF5313-scaled.jpg'><img loading=\"lazy\" decoding=\"async\" width=\"2560\" height=\"1707\" src=\"https:\/\/www.bymions.com\/wp-content\/uploads\/2023\/07\/DSCF5313-scaled.jpg\" class=\"attachment-full size-full\" alt=\"\" \/><\/a>\n\t\t\t<\/dt><\/dl><dl class='gallery-item'>\n\t\t\t<dt class='gallery-icon landscape'>\n\t\t\t\t<a data-elementor-open-lightbox=\"yes\" data-elementor-lightbox-slideshow=\"b0ef2c2\" data-elementor-lightbox-title=\"_GP_5233\" data-e-action-hash=\"#elementor-action%3Aaction%3Dlightbox%26settings%3DeyJpZCI6MTAwOSwidXJsIjoiaHR0cHM6XC9cL3d3dy5ieW1pb25zLmNvbVwvd3AtY29udGVudFwvdXBsb2Fkc1wvMjAyM1wvMDdcL0dQXzUyMzMtc2NhbGVkLmpwZyIsInNsaWRlc2hvdyI6ImIwZWYyYzIifQ%3D%3D\" href='https:\/\/www.bymions.com\/wp-content\/uploads\/2023\/07\/GP_5233-scaled.jpg'><img loading=\"lazy\" decoding=\"async\" width=\"2560\" height=\"1707\" src=\"https:\/\/www.bymions.com\/wp-content\/uploads\/2023\/07\/GP_5233-scaled.jpg\" class=\"attachment-full size-full\" alt=\"\" \/><\/a>\n\t\t\t<\/dt><\/dl><br style=\"clear: both\" \/><dl class='gallery-item'>\n\t\t\t<dt class='gallery-icon landscape'>\n\t\t\t\t<a data-elementor-open-lightbox=\"yes\" data-elementor-lightbox-slideshow=\"b0ef2c2\" data-elementor-lightbox-title=\"WhatsApp Image 2024-05-10 at 16.10.12\" data-e-action-hash=\"#elementor-action%3Aaction%3Dlightbox%26settings%3DeyJpZCI6MTM0OCwidXJsIjoiaHR0cHM6XC9cL3d3dy5ieW1pb25zLmNvbVwvd3AtY29udGVudFwvdXBsb2Fkc1wvMjAyNFwvMDVcL1doYXRzQXBwLUltYWdlLTIwMjQtMDUtMTAtYXQtMTYuMTAuMTIuanBlZyIsInNsaWRlc2hvdyI6ImIwZWYyYzIifQ%3D%3D\" href='https:\/\/www.bymions.com\/wp-content\/uploads\/2024\/05\/WhatsApp-Image-2024-05-10-at-16.10.12.jpeg'><img loading=\"lazy\" decoding=\"async\" width=\"1600\" height=\"1066\" src=\"https:\/\/www.bymions.com\/wp-content\/uploads\/2024\/05\/WhatsApp-Image-2024-05-10-at-16.10.12.jpeg\" class=\"attachment-full size-full\" alt=\"\" \/><\/a>\n\t\t\t<\/dt><\/dl><dl class='gallery-item'>\n\t\t\t<dt class='gallery-icon landscape'>\n\t\t\t\t<a data-elementor-open-lightbox=\"yes\" data-elementor-lightbox-slideshow=\"b0ef2c2\" data-elementor-lightbox-title=\"_GP_5243\" data-e-action-hash=\"#elementor-action%3Aaction%3Dlightbox%26settings%3DeyJpZCI6MTAxNCwidXJsIjoiaHR0cHM6XC9cL3d3dy5ieW1pb25zLmNvbVwvd3AtY29udGVudFwvdXBsb2Fkc1wvMjAyM1wvMDdcL0dQXzUyNDMtc2NhbGVkLmpwZyIsInNsaWRlc2hvdyI6ImIwZWYyYzIifQ%3D%3D\" href='https:\/\/www.bymions.com\/wp-content\/uploads\/2023\/07\/GP_5243-scaled.jpg'><img loading=\"lazy\" decoding=\"async\" width=\"2560\" height=\"1707\" src=\"https:\/\/www.bymions.com\/wp-content\/uploads\/2023\/07\/GP_5243-scaled.jpg\" class=\"attachment-full size-full\" alt=\"\" \/><\/a>\n\t\t\t<\/dt><\/dl><dl class='gallery-item'>\n\t\t\t<dt class='gallery-icon landscape'>\n\t\t\t\t<a data-elementor-open-lightbox=\"yes\" data-elementor-lightbox-slideshow=\"b0ef2c2\" data-elementor-lightbox-title=\"_GP_5238\" data-e-action-hash=\"#elementor-action%3Aaction%3Dlightbox%26settings%3DeyJpZCI6MTAxMCwidXJsIjoiaHR0cHM6XC9cL3d3dy5ieW1pb25zLmNvbVwvd3AtY29udGVudFwvdXBsb2Fkc1wvMjAyM1wvMDdcL0dQXzUyMzgtc2NhbGVkLmpwZyIsInNsaWRlc2hvdyI6ImIwZWYyYzIifQ%3D%3D\" href='https:\/\/www.bymions.com\/wp-content\/uploads\/2023\/07\/GP_5238-scaled.jpg'><img loading=\"lazy\" decoding=\"async\" width=\"2560\" height=\"1707\" src=\"https:\/\/www.bymions.com\/wp-content\/uploads\/2023\/07\/GP_5238-scaled.jpg\" class=\"attachment-full size-full\" alt=\"\" \/><\/a>\n\t\t\t<\/dt><\/dl><br style=\"clear: both\" \/><dl class='gallery-item'>\n\t\t\t<dt class='gallery-icon landscape'>\n\t\t\t\t<a data-elementor-open-lightbox=\"yes\" data-elementor-lightbox-slideshow=\"b0ef2c2\" data-elementor-lightbox-title=\"WhatsApp Image 2024-05-10 at 16.10.13\" data-e-action-hash=\"#elementor-action%3Aaction%3Dlightbox%26settings%3DeyJpZCI6MTM0OSwidXJsIjoiaHR0cHM6XC9cL3d3dy5ieW1pb25zLmNvbVwvd3AtY29udGVudFwvdXBsb2Fkc1wvMjAyNFwvMDVcL1doYXRzQXBwLUltYWdlLTIwMjQtMDUtMTAtYXQtMTYuMTAuMTMuanBlZyIsInNsaWRlc2hvdyI6ImIwZWYyYzIifQ%3D%3D\" href='https:\/\/www.bymions.com\/wp-content\/uploads\/2024\/05\/WhatsApp-Image-2024-05-10-at-16.10.13.jpeg'><img loading=\"lazy\" decoding=\"async\" width=\"1600\" height=\"1066\" src=\"https:\/\/www.bymions.com\/wp-content\/uploads\/2024\/05\/WhatsApp-Image-2024-05-10-at-16.10.13.jpeg\" class=\"attachment-full size-full\" alt=\"\" \/><\/a>\n\t\t\t<\/dt><\/dl><dl class='gallery-item'>\n\t\t\t<dt class='gallery-icon landscape'>\n\t\t\t\t<a data-elementor-open-lightbox=\"yes\" data-elementor-lightbox-slideshow=\"b0ef2c2\" data-elementor-lightbox-title=\"_GP_5241\" data-e-action-hash=\"#elementor-action%3Aaction%3Dlightbox%26settings%3DeyJpZCI6MTAxMiwidXJsIjoiaHR0cHM6XC9cL3d3dy5ieW1pb25zLmNvbVwvd3AtY29udGVudFwvdXBsb2Fkc1wvMjAyM1wvMDdcL0dQXzUyNDEtc2NhbGVkLmpwZyIsInNsaWRlc2hvdyI6ImIwZWYyYzIifQ%3D%3D\" href='https:\/\/www.bymions.com\/wp-content\/uploads\/2023\/07\/GP_5241-scaled.jpg'><img loading=\"lazy\" decoding=\"async\" width=\"2560\" height=\"1707\" src=\"https:\/\/www.bymions.com\/wp-content\/uploads\/2023\/07\/GP_5241-scaled.jpg\" class=\"attachment-full size-full\" alt=\"\" \/><\/a>\n\t\t\t<\/dt><\/dl><dl class='gallery-item'>\n\t\t\t<dt class='gallery-icon landscape'>\n\t\t\t\t<a data-elementor-open-lightbox=\"yes\" data-elementor-lightbox-slideshow=\"b0ef2c2\" data-elementor-lightbox-title=\"_GP_5251\" data-e-action-hash=\"#elementor-action%3Aaction%3Dlightbox%26settings%3DeyJpZCI6MTAxNywidXJsIjoiaHR0cHM6XC9cL3d3dy5ieW1pb25zLmNvbVwvd3AtY29udGVudFwvdXBsb2Fkc1wvMjAyM1wvMDdcL0dQXzUyNTEtc2NhbGVkLmpwZyIsInNsaWRlc2hvdyI6ImIwZWYyYzIifQ%3D%3D\" href='https:\/\/www.bymions.com\/wp-content\/uploads\/2023\/07\/GP_5251-scaled.jpg'><img loading=\"lazy\" decoding=\"async\" width=\"2560\" height=\"1707\" src=\"https:\/\/www.bymions.com\/wp-content\/uploads\/2023\/07\/GP_5251-scaled.jpg\" class=\"attachment-full size-full\" alt=\"\" \/><\/a>\n\t\t\t<\/dt><\/dl><br style=\"clear: both\" \/><dl class='gallery-item'>\n\t\t\t<dt class='gallery-icon landscape'>\n\t\t\t\t<a data-elementor-open-lightbox=\"yes\" data-elementor-lightbox-slideshow=\"b0ef2c2\" data-elementor-lightbox-title=\"DSCF5320\" data-e-action-hash=\"#elementor-action%3Aaction%3Dlightbox%26settings%3DeyJpZCI6MTIxNSwidXJsIjoiaHR0cHM6XC9cL3d3dy5ieW1pb25zLmNvbVwvd3AtY29udGVudFwvdXBsb2Fkc1wvMjAyM1wvMDdcL0RTQ0Y1MzIwLTEtc2NhbGVkLmpwZyIsInNsaWRlc2hvdyI6ImIwZWYyYzIifQ%3D%3D\" href='https:\/\/www.bymions.com\/wp-content\/uploads\/2023\/07\/DSCF5320-1-scaled.jpg'><img loading=\"lazy\" decoding=\"async\" width=\"2560\" height=\"1707\" src=\"https:\/\/www.bymions.com\/wp-content\/uploads\/2023\/07\/DSCF5320-1-scaled.jpg\" class=\"attachment-full size-full\" alt=\"\" \/><\/a>\n\t\t\t<\/dt><\/dl><dl class='gallery-item'>\n\t\t\t<dt class='gallery-icon landscape'>\n\t\t\t\t<a data-elementor-open-lightbox=\"yes\" data-elementor-lightbox-slideshow=\"b0ef2c2\" data-elementor-lightbox-title=\"WhatsApp Image 2024-05-10 at 16.10.12 (1)\" data-e-action-hash=\"#elementor-action%3Aaction%3Dlightbox%26settings%3DeyJpZCI6MTM0NywidXJsIjoiaHR0cHM6XC9cL3d3dy5ieW1pb25zLmNvbVwvd3AtY29udGVudFwvdXBsb2Fkc1wvMjAyNFwvMDVcL1doYXRzQXBwLUltYWdlLTIwMjQtMDUtMTAtYXQtMTYuMTAuMTItMS5qcGVnIiwic2xpZGVzaG93IjoiYjBlZjJjMiJ9\" href='https:\/\/www.bymions.com\/wp-content\/uploads\/2024\/05\/WhatsApp-Image-2024-05-10-at-16.10.12-1.jpeg'><img loading=\"lazy\" decoding=\"async\" width=\"1600\" height=\"1066\" src=\"https:\/\/www.bymions.com\/wp-content\/uploads\/2024\/05\/WhatsApp-Image-2024-05-10-at-16.10.12-1.jpeg\" class=\"attachment-full size-full\" alt=\"\" \/><\/a>\n\t\t\t<\/dt><\/dl><dl class='gallery-item'>\n\t\t\t<dt class='gallery-icon landscape'>\n\t\t\t\t<a data-elementor-open-lightbox=\"yes\" data-elementor-lightbox-slideshow=\"b0ef2c2\" data-elementor-lightbox-title=\"_GP_5253\" data-e-action-hash=\"#elementor-action%3Aaction%3Dlightbox%26settings%3DeyJpZCI6MTAxOSwidXJsIjoiaHR0cHM6XC9cL3d3dy5ieW1pb25zLmNvbVwvd3AtY29udGVudFwvdXBsb2Fkc1wvMjAyM1wvMDdcL0dQXzUyNTMtc2NhbGVkLmpwZyIsInNsaWRlc2hvdyI6ImIwZWYyYzIifQ%3D%3D\" href='https:\/\/www.bymions.com\/wp-content\/uploads\/2023\/07\/GP_5253-scaled.jpg'><img loading=\"lazy\" decoding=\"async\" width=\"2560\" height=\"1707\" src=\"https:\/\/www.bymions.com\/wp-content\/uploads\/2023\/07\/GP_5253-scaled.jpg\" class=\"attachment-full size-full\" alt=\"\" \/><\/a>\n\t\t\t<\/dt><\/dl><br style=\"clear: both\" \/><dl class='gallery-item'>\n\t\t\t<dt class='gallery-icon landscape'>\n\t\t\t\t<a data-elementor-open-lightbox=\"yes\" data-elementor-lightbox-slideshow=\"b0ef2c2\" data-elementor-lightbox-title=\"_GP_5254\" data-e-action-hash=\"#elementor-action%3Aaction%3Dlightbox%26settings%3DeyJpZCI6MTAyMSwidXJsIjoiaHR0cHM6XC9cL3d3dy5ieW1pb25zLmNvbVwvd3AtY29udGVudFwvdXBsb2Fkc1wvMjAyM1wvMDdcL0dQXzUyNTQtc2NhbGVkLmpwZyIsInNsaWRlc2hvdyI6ImIwZWYyYzIifQ%3D%3D\" href='https:\/\/www.bymions.com\/wp-content\/uploads\/2023\/07\/GP_5254-scaled.jpg'><img loading=\"lazy\" decoding=\"async\" width=\"2560\" height=\"1707\" src=\"https:\/\/www.bymions.com\/wp-content\/uploads\/2023\/07\/GP_5254-scaled.jpg\" class=\"attachment-full size-full\" alt=\"\" \/><\/a>\n\t\t\t<\/dt><\/dl><dl class='gallery-item'>\n\t\t\t<dt class='gallery-icon landscape'>\n\t\t\t\t<a data-elementor-open-lightbox=\"yes\" data-elementor-lightbox-slideshow=\"b0ef2c2\" data-elementor-lightbox-title=\"_GP_5255\" data-e-action-hash=\"#elementor-action%3Aaction%3Dlightbox%26settings%3DeyJpZCI6MTAyMiwidXJsIjoiaHR0cHM6XC9cL3d3dy5ieW1pb25zLmNvbVwvd3AtY29udGVudFwvdXBsb2Fkc1wvMjAyM1wvMDdcL0dQXzUyNTUtc2NhbGVkLmpwZyIsInNsaWRlc2hvdyI6ImIwZWYyYzIifQ%3D%3D\" href='https:\/\/www.bymions.com\/wp-content\/uploads\/2023\/07\/GP_5255-scaled.jpg'><img loading=\"lazy\" decoding=\"async\" width=\"2560\" height=\"1707\" src=\"https:\/\/www.bymions.com\/wp-content\/uploads\/2023\/07\/GP_5255-scaled.jpg\" class=\"attachment-full size-full\" alt=\"\" \/><\/a>\n\t\t\t<\/dt><\/dl><dl class='gallery-item'>\n\t\t\t<dt class='gallery-icon landscape'>\n\t\t\t\t<a data-elementor-open-lightbox=\"yes\" data-elementor-lightbox-slideshow=\"b0ef2c2\" data-elementor-lightbox-title=\"WhatsApp Image 2024-05-10 at 16.10.11\" data-e-action-hash=\"#elementor-action%3Aaction%3Dlightbox%26settings%3DeyJpZCI6MTM0NiwidXJsIjoiaHR0cHM6XC9cL3d3dy5ieW1pb25zLmNvbVwvd3AtY29udGVudFwvdXBsb2Fkc1wvMjAyNFwvMDVcL1doYXRzQXBwLUltYWdlLTIwMjQtMDUtMTAtYXQtMTYuMTAuMTEuanBlZyIsInNsaWRlc2hvdyI6ImIwZWYyYzIifQ%3D%3D\" href='https:\/\/www.bymions.com\/wp-content\/uploads\/2024\/05\/WhatsApp-Image-2024-05-10-at-16.10.11.jpeg'><img loading=\"lazy\" decoding=\"async\" width=\"2560\" height=\"1706\" src=\"https:\/\/www.bymions.com\/wp-content\/uploads\/2024\/05\/WhatsApp-Image-2024-05-10-at-16.10.11.jpeg\" class=\"attachment-full size-full\" alt=\"\" \/><\/a>\n\t\t\t<\/dt><\/dl><br style=\"clear: both\" \/>\n\t\t<\/div>\n\t\t<\/div>\n\t\t\t\t<\/div>\n\t\t\t\t<\/div>\n\t\t\t\t\t<\/div>\n\t\t<\/div>\n\t\t\t\t\t\t\t<\/div>\n\t\t<\/section>\n\t\t\t\t\t\t\t<\/div>","protected":false},"excerpt":{"rendered":"<p>\u0130\u00e7 Mekan Foto\u011fraflar\u0131<\/p>","protected":false},"author":2,"featured_media":0,"parent":0,"menu_order":0,"comment_status":"closed","ping_status":"open","template":"","meta":{"footnotes":""},"class_list":["post-996","page","type-page","status-publish","hentry"],"_links":{"self":[{"href":"https:\/\/www.bymions.com\/en\/wp-json\/wp\/v2\/pages\/996","targetHints":{"allow":["GET"]}}],"collection":[{"href":"https:\/\/www.bymions.com\/en\/wp-json\/wp\/v2\/pages"}],"about":[{"href":"https:\/\/www.bymions.com\/en\/wp-json\/wp\/v2\/types\/page"}],"author":[{"embeddable":true,"href":"https:\/\/www.bymions.com\/en\/wp-json\/wp\/v2\/users\/2"}],"replies":[{"embeddable":true,"href":"https:\/\/www.bymions.com\/en\/wp-json\/wp\/v2\/comments?post=996"}],"version-history":[{"count":27,"href":"https:\/\/www.bymions.com\/en\/wp-json\/wp\/v2\/pages\/996\/revisions"}],"predecessor-version":[{"id":1352,"href":"https:\/\/www.bymions.com\/en\/wp-json\/wp\/v2\/pages\/996\/revisions\/1352"}],"wp:attachment":[{"href":"https:\/\/www.bymions.com\/en\/wp-json\/wp\/v2\/media?parent=996"}],"curies":[{"name":"wp","href":"https:\/\/api.w.org\/{rel}","templated":true}]}}